{"id":10,"date":"2015-09-16T20:35:52","date_gmt":"2015-09-16T18:35:52","guid":{"rendered":"http:\/\/bkmdrammen.org\/2014\/?page_id=10"},"modified":"2016-02-01T02:22:22","modified_gmt":"2016-02-01T01:22:22","slug":"virksomheten","status":"publish","type":"page","link":"https:\/\/bkmdrammen.org\/2014\/virksomheten\/","title":{"rendered":"Virksomheten"},"content":{"rendered":"<div id='sub_menu1' class='av-submenu-container socket_color  avia-builder-el-0  el_before_av_section  avia-builder-el-first   container_wrap sidebar_right' style='  z-index:301' ><div class='container av-menu-mobile-disabled '><ul id=\"menu-toppmeny\" class=\"av-subnav-menu av-submenu-pos-left\"><li id=\"menu-item-55\" class=\"menu-item menu-item-type-custom menu-item-object-custom menu-item-top-level menu-item-top-level-1\"><a href=\"http:\/\/bkmdrammen.org\/\" itemprop=\"url\"><span class=\"avia-bullet\"><\/span><span class=\"avia-menu-text\">Forside<\/span><span class=\"avia-menu-fx\"><span class=\"avia-arrow-wrap\"><span class=\"avia-arrow\"><\/span><\/span><\/span><\/a><\/li>\n<li id=\"menu-item-57\" class=\"menu-item menu-item-type-custom menu-item-object-custom menu-item-top-level menu-item-top-level-2\"><a href=\"http:\/\/smithsvenner.org\/om-bcc\/\" itemprop=\"url\"><span class=\"avia-bullet\"><\/span><span class=\"avia-menu-text\">Om BCC<\/span><span class=\"avia-menu-fx\"><span class=\"avia-arrow-wrap\"><span class=\"avia-arrow\"><\/span><\/span><\/span><\/a><\/li>\n<\/ul><\/div><\/div>\n<div id='av_section_1' class='avia-section header_color avia-section-small avia-no-border-styling avia-full-stretch avia-bg-style-scroll  avia-builder-el-1  el_after_av_submenu  el_before_av_submenu   av-minimum-height av-minimum-height-25  container_wrap sidebar_right' style='background-repeat: no-repeat; background-image: url(https:\/\/bkmdrammen.org\/2014\/wp-content\/uploads\/sites\/4\/2015\/10\/Bolstad-Hestesenter-97671.jpg);background-attachment: scroll; background-position: top left;  '  data-section-bg-repeat='stretch' data-av_minimum_height_pc='25'><div class='container' ><div class='template-page content  av-content-small alpha units'><div class='post-entry post-entry-type-page post-entry-10'><div class='entry-content-wrapper clearfix'>\n<div class=\"flex_column av_one_full  flex_column_div first  avia-builder-el-2  avia-builder-el-no-sibling  \" style='padding:100px 0px 0px 0px ; border-radius:0px; '><div class='avia-image-container  av-styling-    avia-builder-el-3  avia-builder-el-no-sibling  avia-align-center '  itemprop=\"image\" itemscope=\"itemscope\" itemtype=\"https:\/\/schema.org\/ImageObject\"  ><div class='avia-image-container-inner'><div class='avia-image-overlay-wrap'><img class='avia_image' src='https:\/\/bkmdrammen.org\/2014\/wp-content\/uploads\/sites\/4\/2015\/10\/aarsapport2014Logo1.png' alt='' title='aarsapport2014Logo' height=\"228\" width=\"329\"  itemprop=\"thumbnailUrl\"  \/><\/div><\/div><\/div><\/div>\n\n<\/div><\/div><\/div><!-- close content main div --><\/div><\/div><div class='clear'><\/div><div id='sub_menu2' class='av-submenu-container main_color  avia-builder-el-4  el_after_av_section  el_before_av_heading  av-sticky-submenu  submenu-not-first container_wrap sidebar_right' style='  z-index:302' ><div class='container av-menu-mobile-disabled '><ul id=\"menu-hovedmeny\" class=\"av-subnav-menu av-submenu-pos-center\"><li id=\"menu-item-12\" class=\"menu-item menu-item-type-post_type menu-item-object-page menu-item-home menu-item-top-level menu-item-top-level-1\"><a href=\"https:\/\/bkmdrammen.org\/2014\/\" itemprop=\"url\"><span class=\"avia-bullet\"><\/span><span class=\"avia-menu-text\">Arbeidslyst og giverglede<\/span><span class=\"avia-menu-fx\"><span class=\"avia-arrow-wrap\"><span class=\"avia-arrow\"><\/span><\/span><\/span><\/a><\/li>\n<li id=\"menu-item-13\" class=\"menu-item menu-item-type-post_type menu-item-object-page menu-item-top-level menu-item-top-level-2\"><a href=\"https:\/\/bkmdrammen.org\/2014\/arrangementer-og-aktiviteter\/\" itemprop=\"url\"><span class=\"avia-bullet\"><\/span><span class=\"avia-menu-text\">Arrangementer og aktiviteter<\/span><span class=\"avia-menu-fx\"><span class=\"avia-arrow-wrap\"><span class=\"avia-arrow\"><\/span><\/span><\/span><\/a><\/li>\n<li id=\"menu-item-14\" class=\"menu-item menu-item-type-post_type menu-item-object-page menu-item-top-level menu-item-top-level-3\"><a href=\"https:\/\/bkmdrammen.org\/2014\/virksomheten\/\" itemprop=\"url\"><span class=\"avia-bullet\"><\/span><span class=\"avia-menu-text\">Virksomheten<\/span><span class=\"avia-menu-fx\"><span class=\"avia-arrow-wrap\"><span class=\"avia-arrow\"><\/span><\/span><\/span><\/a><\/li>\n<\/ul><\/div><\/div><div class='sticky_placeholder'><\/div><div id='after_submenu' class='main_color av_default_container_wrap container_wrap sidebar_right' style=' '  ><div class='container' ><div class='template-page content  av-content-small alpha units'><div class='post-entry post-entry-type-page post-entry-10'><div class='entry-content-wrapper clearfix'>\n<div style='padding-bottom:20px; font-size:40px;' class='av-special-heading av-special-heading-h3  blockquote modern-quote modern-centered  avia-builder-el-5  el_after_av_submenu  el_before_av_textblock  avia-builder-el-first   av-thin-font av-inherit-size '><h3 class='av-special-heading-tag '  itemprop=\"headline\"  ><strong>Virksomheten i BKM Drammen<\/strong><\/h3><div class='special-heading-border'><div class='special-heading-inner-border' ><\/div><\/div><\/div>\n<section class=\"av_textblock_section \"  itemscope=\"itemscope\" itemtype=\"https:\/\/schema.org\/CreativeWork\" ><div class='avia_textblock  '  style='font-size:18px; '  itemprop=\"text\" ><p>BKM Drammen tilh\u00f8rer det verdensomspennende evangeliske trossamfunnet Brunstad Christian Church (BCC) som i dag finnes i over 60 land i alle verdensdeler. Menigheten oppstod tidlig p\u00e5 1900-tallet ved en uselvisk og gudfryktig mann, nordmannen Johan Oscar Smith (1871 \u2013 1943).\u00a0Menigheten i Drammen startet med sm\u00e5 sammenkomster i hjemmene i 1917.<\/p>\n<\/div><\/section>\n<div class=\"flex_column av_one_half  flex_column_div av-zero-column-padding first  avia-builder-el-7  el_after_av_textblock  el_before_av_one_half  column-top-margin\" style='border-radius:0px; '><section class=\"av_textblock_section \"  itemscope=\"itemscope\" itemtype=\"https:\/\/schema.org\/CreativeWork\" ><div class='avia_textblock  '   itemprop=\"text\" ><p>I dag er vi en livskraftig og engasjert flokk p\u00e5 470 mennesker. Vi holder til p\u00e5 Fredheim Smithestr\u00f8mveien p\u00e5 Str\u00f8ms\u00f8.<\/p>\n<p>Sommeren 2008 kj\u00f8pt vi g\u00e5rden Bolstad i Sande kommune. Etter det har vi restaurert og klargjort eiendommen for spesielt for sommeraktiviteter, og n\u00e5 i 2014 ble reguleringsplanen for v\u00e5rt nye flerbrukshus godkjent.<\/p>\n<p>BKM Drammen har en stor flokk av barn og ungdom som vi \u00f8nsker skal vokse opp under sunne og utviklende k\u00e5r. Derfor legger vi s\u00e6rlig vekt p\u00e5 \u00e5 legge tilrette for dette arbeidet ogs\u00e5 p\u00e5 lang sikt.<\/p>\n<p>Oppbyggelse i den kristne tro er et hovedanliggende for menigheten. Det skjer gjerne hver s\u00f8ndag i form av felles samlinger for alle aldersgrupper. Ofte brukes hele dagen til samv\u00e6r og aktiviteter for barn og ungdom &#8211; ikke minst om sommeren.<\/p>\n<p>Vi har ingen h\u00f8ytidelige ritualer n\u00e5r vi kommer sammen. Et oppbyggelig m\u00f8te begynner gjerne med\u00a0 b\u00f8nn og fortsetter med forkynnelse og vitnesbyrd, sang,\u00a0musikk og gjerne filminnslag der det passer.<\/p>\n<p>Aktivitetsniv\u00e5et er mangfoldig og engasjerende hele \u00e5ret. Alle har frihet til \u00e5 ut\u00f8ve omsorg for de andre og for\u00a0fellesskapet. Det betyr at ogs\u00e5 yngre personer gis ansvar og anledning til \u00e5 l\u00e6re og utvikle seg til \u00e5 vise omsorg.<\/p>\n<\/div><\/section><\/div>\n<div class=\"flex_column av_one_half  flex_column_div av-zero-column-padding   avia-builder-el-9  el_after_av_one_half  avia-builder-el-last  column-top-margin\" style='border-radius:0px; '><p><div class='avia-image-container  av-styling-    avia-builder-el-10  el_before_av_textblock  avia-builder-el-first  avia-align-center '  itemprop=\"image\" itemscope=\"itemscope\" itemtype=\"https:\/\/schema.org\/ImageObject\"  ><div class='avia-image-container-inner'><div class='avia-image-overlay-wrap'><img class='avia_image' src='https:\/\/bkmdrammen.org\/2014\/wp-content\/uploads\/sites\/4\/2015\/09\/img_1483.jpg' alt='' title='img_1483' height=\"600\" width=\"900\"  itemprop=\"thumbnailUrl\"  \/><\/div><\/div><\/div><br \/>\n<section class=\"av_textblock_section \"  itemscope=\"itemscope\" itemtype=\"https:\/\/schema.org\/CreativeWork\" ><div class='avia_textblock  '   itemprop=\"text\" ><p>De fleste ungdommer blir mentorer og ledere i arbeidet med barn og ungdom, slik de ogs\u00e5 selv f\u00f8r var gjenstand for andre ungdommers omsorg.<\/p>\n<p>Menigheten er forankret i\u00a0det som Johan Oscar Smith\u00a0sto for og praktiserte; en overbevisning om syndenes forlatelse ved tro, og\u00a0helliggj\u00f8relse ved troens lydighet. I og med at han ogs\u00e5 i sin tid viste stor omtanke for barn og ungdom, satte han en standard ogs\u00e5 for dagens menighet.<\/p>\n<p>Vi feirer jul og p\u00e5ske og andre offentlige h\u00f8ytidsdager. Og vi feirer bryllup og gjerne jubilanter med runde tall.\u00a0 Vi har vigselsrett via forstander, og avholder vielser og bryllup &#8211; og begravelser.<\/p>\n<\/div><\/section><\/p><\/div>\n","protected":false},"excerpt":{"rendered":"","protected":false},"author":2,"featured_media":0,"parent":0,"menu_order":0,"comment_status":"closed","ping_status":"closed","template":"","meta":{"_mi_skip_tracking":false,"_exactmetrics_sitenote_active":false,"_exactmetrics_sitenote_note":"","_exactmetrics_sitenote_category":0},"_links":{"self":[{"href":"https:\/\/bkmdrammen.org\/2014\/wp-json\/wp\/v2\/pages\/10"}],"collection":[{"href":"https:\/\/bkmdrammen.org\/2014\/wp-json\/wp\/v2\/pages"}],"about":[{"href":"https:\/\/bkmdrammen.org\/2014\/wp-json\/wp\/v2\/types\/page"}],"author":[{"embeddable":true,"href":"https:\/\/bkmdrammen.org\/2014\/wp-json\/wp\/v2\/users\/2"}],"replies":[{"embeddable":true,"href":"https:\/\/bkmdrammen.org\/2014\/wp-json\/wp\/v2\/comments?post=10"}],"version-history":[{"count":29,"href":"https:\/\/bkmdrammen.org\/2014\/wp-json\/wp\/v2\/pages\/10\/revisions"}],"predecessor-version":[{"id":227,"href":"https:\/\/bkmdrammen.org\/2014\/wp-json\/wp\/v2\/pages\/10\/revisions\/227"}],"wp:attachment":[{"href":"https:\/\/bkmdrammen.org\/2014\/wp-json\/wp\/v2\/media?parent=10"}],"curies":[{"name":"wp","href":"https:\/\/api.w.org\/{rel}","templated":true}]}}